{"id":988,"date":"2022-11-04T08:41:26","date_gmt":"2022-11-04T07:41:26","guid":{"rendered":"http:\/\/vacacional.balearichomemallorca.combedingungen-und-konditionen"},"modified":"2023-11-29T17:35:19","modified_gmt":"2023-11-29T16:35:19","slug":"bedingungen-und-konditionen","status":"publish","type":"page","link":"https:\/\/vacacional.balearichomemallorca.com\/de\/bedingungen-und-konditionen","title":{"rendered":"Bedingungen und Konditionen"},"content":{"rendered":"<h1 class=\"wp-block-heading\">Datenschutzbestimmungen<\/h1><p>Der Besuch dieser Website bedeutet nicht, dass der Nutzer verpflichtet ist, irgendwelche Informationen zu liefern. F\u00fcr den Fall, dass der Nutzer personenbezogene Daten zur Verf\u00fcgung stellt, werden die auf dieser Website gesammelten Daten fair und rechtm\u00e4\u00dfig behandelt und unterliegen jederzeit den Grunds\u00e4tzen und Rechten, die in der Verordnung (EU) 2016\/679 vom 27. April, der Allgemeinen Datenschutzrichtlinie (RGPD) und anderen geltenden Vorschriften enthalten sind.<\/p><p>In \u00dcbereinstimmung mit den Bestimmungen von Artikel 13 der RGPD informieren wir Sie \u00fcber die folgenden Punkte:<\/p><p><strong>1. Verantwortlich<\/strong><\/p><p>BALEARISCHE HEIMAT MALLORCA<\/p><p>Carrer de l&#8217;Argenteria, 16, 07001 Palma, Illes Balears<\/p><p>Wenn Sie Fragen haben, wenden Sie sich bitte an die folgende E-Mail-Adresse:<\/p><p>reservas@balearichomemallorca.com<\/p><p><strong>Information und Zustimmung<\/strong><\/p><p>Durch die Annahme dieser Datenschutzrichtlinie wird der Nutzer (im Folgenden der &#8222;Nutzer&#8220; oder &#8222;Nutzer&#8220;) informiert und gibt seine freie, informierte, spezifische und eindeutige Zustimmung f\u00fcr die pers\u00f6nlichen Daten, die \u00fcber die Website unter der URL [https:\/\/www .balearichomemallorca.com \/] (im Folgenden die &#8222;Website&#8220;) werden von BALEARIC HOME MALLORCA, sowie die Daten aus Ihrer Navigation und alle anderen Daten, die Sie in Zukunft zur Verf\u00fcgung stellen abgeleitet behandelt.<\/p><p>Der Nutzer muss diese Datenschutzrichtlinie sorgf\u00e4ltig lesen, die klar und einfach geschrieben wurde, um das Verst\u00e4ndnis zu erleichtern, und der Nutzer kann frei und freiwillig entscheiden, ob er seine pers\u00f6nlichen Daten an BALEARIC HOME MALLORCA weitergeben m\u00f6chte.<\/p><p><strong>3. Zweck der Datenverarbeitung<\/strong><\/p><p>Indem der Nutzer freiwillig seine pers\u00f6nlichen Daten \u00fcber ein Formular auf dieser Website angibt und ausdr\u00fccklich akzeptiert, diese zu senden, erm\u00e4chtigt er BALEARIC HOME MALLORCA ausdr\u00fccklich, die gesendeten Daten zu verarbeiten und in eine Datei aufzunehmen, die sein Eigentum ist.<\/p><p>Der Hauptzweck der Erfassung und Verarbeitung der vom Nutzer zur Verf\u00fcgung gestellten personenbezogenen Daten ist die Beantwortung der Anfrage und die Zusendung von Handels- und\/oder Werbeinformationen. Sie zielt jedoch auch auf die folgenden Ma\u00dfnahmen ab:<\/p><ul class=\"wp-block-list\"><li>Kontaktaufnahme mit dem Absender der Informationen, Beantwortung seiner Anfrage, Petition oder Untersuchung sowie Verwaltung der Ver\u00f6ffentlichung von Anfragen und Kommentaren und der anschlie\u00dfenden Folgema\u00dfnahmen.<\/li>\n\n<li>Verwaltung und Kontrolle des Kundenportfolios.<\/li>\n\n<li>gegebenenfalls den Registrierungsprozess des Nutzers auf der Online-Plattform zu verwalten.<\/li><\/ul><p>Gem\u00e4\u00df dem Gesetz 34\/2002 vom 11. Juli 2002 \u00fcber die Dienstleistungen der Informationsgesellschaft und den elektronischen Handel wird BALEARIC HOME MALLORCA unter keinen Umst\u00e4nden Werbung und Mitteilungen f\u00fcr Verkaufszwecke oder andere kommerzielle Zwecke an die Nutzer ohne deren vorherige Anfrage oder Zustimmung senden. Ebenso wird sie keine unaufgeforderten oder zuvor genehmigten Nachrichten oder Ketten von unaufgeforderten oder zuvor genehmigten elektronischen Nachrichten versenden.<\/p><p>Die vom Nutzer angegebenen pers\u00f6nlichen Daten m\u00fcssen wahrheitsgem\u00e4\u00df, genau, vollst\u00e4ndig und auf dem neuesten Stand sein, wobei er f\u00fcr Sch\u00e4den haftet, die durch die Nichteinhaltung dieser Verpflichtung entstehen k\u00f6nnen.<\/p><p><strong>4. Schutz von Minderj\u00e4hrigen<\/strong><\/p><p>Wir sammeln keine personenbezogenen Daten von Minderj\u00e4hrigen. Es liegt in der Verantwortung der Eltern\/Erziehungsberechtigten, die Privatsph\u00e4re von Minderj\u00e4hrigen zu sch\u00fctzen, indem sie sich vergewissern, dass sie die Erhebung und Verwendung der personenbezogenen Daten des Minderj\u00e4hrigen genehmigt haben.<\/p><p><strong>5. Dauer der Datenverarbeitung<\/strong><\/p><ul class=\"wp-block-list\"><li>Daten f\u00fcr die Verwaltung von Anfragen und Antr\u00e4gen werden so lange aufbewahrt, wie es f\u00fcr deren Beantwortung erforderlich ist, h\u00f6chstens jedoch ein Jahr.<\/li>\n\n<li>Daten, die sich auf Kommentare zu unseren Produkten beziehen, werden f\u00fcr die Dauer der G\u00fcltigkeit und der Werbung f\u00fcr die Produkte oder Dienstleistungen, auf die sie sich beziehen, aufbewahrt, es sei denn, Sie \u00e4u\u00dfern den Wunsch, dass sie jederzeit gel\u00f6scht werden.<\/li>\n\n<li>Die Daten f\u00fcr die Teilnahme an Wettbewerben, Gewinnspielen und Werbeaktionen werden f\u00fcr die Dauer derselben gem\u00e4\u00df ihren spezifischen Regeln aufbewahrt, um ihre Entwicklung zu verwalten, und danach bis zum Erl\u00f6schen der m\u00f6glichen Verpflichtungen, die sich aus ihrer Durchf\u00fchrung ergeben.<\/li>\n\n<li>Die Daten f\u00fcr die Zusendung kommerzieller Mitteilungen und die Erstellung kommerzieller Profile f\u00fcr unsere Produkte oder Dienstleistungen werden auf unbestimmte Zeit gespeichert, bis Sie gegebenenfalls den Wunsch \u00e4u\u00dfern, sie zu l\u00f6schen.<\/li>\n\n<li>Lebenslaufdaten f\u00fcr Auswahlverfahren werden drei Monate lang aufbewahrt.<\/li><\/ul><p><strong>6. Rechte des Nutzers in Bezug auf seine Daten<\/strong><\/p><p>Der Betroffene hat die folgenden Rechte:<\/p><ul class=\"wp-block-list\"><li>Sie k\u00f6nnen Auskunft \u00fcber die zu Ihrer Person gespeicherten Daten verlangen (Zugang).<\/li>\n\n<li>Sie k\u00f6nnen verlangen, dass Ungenauigkeiten in Ihren pers\u00f6nlichen Daten korrigiert werden. (Korrektur)<\/li>\n\n<li>Sie k\u00f6nnen die L\u00f6schung oder Einschr\u00e4nkung der Verarbeitung Ihrer personenbezogenen Daten verlangen und (L\u00f6schung und Einschr\u00e4nkung)<\/li>\n\n<li>Sie k\u00f6nnen auch verlangen, dass Ihnen Ihre personenbezogenen Daten in einem strukturierten, standardisierten und maschinenlesbaren Format zur Verf\u00fcgung gestellt werden (\u00dcbertragbarkeit).<\/li><\/ul><p>Dazu schreiben Sie bitte an Carrer de l&#8217;Argenteria, 16, 07001 Palma, Illes Balears, oder senden Sie uns eine Kopie Ihres Personalausweises oder eines anderen Dokuments, das Sie identifiziert, an unser Formular oder an die E-Mail-Adresse reservas@balearichomemallorca.com.<\/p><p>Die betroffene Person hat au\u00dferdem das Recht, eine Beschwerde bei den Datenschutzbeh\u00f6rden (Spanische Datenschutzbeh\u00f6rde) einzureichen. Wir laden Sie jedoch ein, sich mit uns in Verbindung zu setzen, wenn Sie Fragen zu Ihren Daten haben.<\/p><p><strong>7. Legitimation f\u00fcr die Datenverarbeitung<\/strong><\/p><p>Die Rechtsgrundlage f\u00fcr die Datenverarbeitung ist die ausdr\u00fcckliche Zustimmung der betroffenen Person.<\/p><p><strong>8. Adressaten<\/strong><\/p><p>Um Ihnen die bestm\u00f6gliche Qualit\u00e4t bieten zu k\u00f6nnen, muss BALEARIC HOME MALLORCA Ihre pers\u00f6nlichen Daten an externe Unternehmen oder Lieferanten weitergeben, die uns dabei helfen, den besten Service zu bieten.<\/p><ul class=\"wp-block-list\"><li>Einrichtungen, die uns bei verschiedenen Fragen im Zusammenhang mit dem Dienst helfen. Bei BALEARIC HOME MALLORCA stellen wir sicher, dass alle unsere Lieferanten, die Zugang zu Ihren pers\u00f6nlichen Daten haben, vertraulich, fair und in \u00dcbereinstimmung mit allen geltenden Vorschriften handeln.<\/li>\n\n<li>An die zust\u00e4ndigen \u00f6ffentlichen Verwaltungen in den im Gesetz vorgesehenen F\u00e4llen und zu den dort festgelegten Zwecken.<\/li><\/ul><p><strong>9. Sicherheitsma\u00dfnahmen<\/strong><\/p><p>BALEARIC HOME MALLORCA behandelt die Daten des Nutzers zu jeder Zeit absolut vertraulich und h\u00e4lt die obligatorische Geheimhaltungspflicht in Bezug auf sie, in \u00dcbereinstimmung mit den Bestimmungen der geltenden Vorschriften, die Annahme der erforderlichen technischen und organisatorischen Ma\u00dfnahmen, um die Sicherheit Ihrer Daten zu gew\u00e4hrleisten und ihre Ver\u00e4nderung, Verlust, Behandlung oder unbefugten Zugriff zu vermeiden, unter Ber\u00fccksichtigung der Stand der Technik, die Art der gespeicherten Daten und die Risiken, denen sie ausgesetzt sind.<\/p><p><strong>10. \u00c4nderungen<\/strong><\/p><p>BALEARIC HOME MALLORCA beh\u00e4lt sich das Recht vor, diese Politik zu \u00e4ndern, um sie an neue Gesetzgebung oder Rechtsprechung sowie an Branchenpraktiken anzupassen. In solchen F\u00e4llen werden die \u00c4nderungen auf dieser Seite rechtzeitig vor ihrer Umsetzung bekannt gegeben.<\/p><p><strong>11. Akzeptanz und Zustimmung<\/strong><\/p><p>Der Nutzer erkl\u00e4rt, \u00fcber die Bedingungen zum Schutz personenbezogener Daten informiert worden zu sein, und akzeptiert und stimmt der automatisierten Verarbeitung derselben durch BALEARIC HOME MALLORCA zu, in der Art und Weise und zu den Zwecken, die in dieser Datenschutzrichtlinie angegeben sind.<\/p>","protected":false},"excerpt":{"rendered":"<p>Datenschutzbestimmungen Der Besuch dieser Website bedeutet nicht, dass der Nutzer verpflichtet ist, irgendwelche Informationen zu liefern. F\u00fcr den Fall, dass der Nutzer personenbezogene Daten zur Verf\u00fcgung stellt, werden die auf dieser Website gesammelten Daten fair und rechtm\u00e4\u00dfig behandelt und unterliegen jederzeit den Grunds\u00e4tzen und Rechten, die in der Verordnung (EU) 2016\/679 vom 27. April, der &#8230;<\/p>\n","protected":false},"author":1,"featured_media":0,"parent":0,"menu_order":0,"comment_status":"closed","ping_status":"closed","template":"terms_conditions.php","meta":{"footnotes":""},"class_list":["post-988","page","type-page","status-publish","hentry"],"_links":{"self":[{"href":"https:\/\/vacacional.balearichomemallorca.com\/de\/wp-json\/wp\/v2\/pages\/988","targetHints":{"allow":["GET"]}}],"collection":[{"href":"https:\/\/vacacional.balearichomemallorca.com\/de\/wp-json\/wp\/v2\/pages"}],"about":[{"href":"https:\/\/vacacional.balearichomemallorca.com\/de\/wp-json\/wp\/v2\/types\/page"}],"author":[{"embeddable":true,"href":"https:\/\/vacacional.balearichomemallorca.com\/de\/wp-json\/wp\/v2\/users\/1"}],"replies":[{"embeddable":true,"href":"https:\/\/vacacional.balearichomemallorca.com\/de\/wp-json\/wp\/v2\/comments?post=988"}],"version-history":[{"count":3,"href":"https:\/\/vacacional.balearichomemallorca.com\/de\/wp-json\/wp\/v2\/pages\/988\/revisions"}],"predecessor-version":[{"id":25161,"href":"https:\/\/vacacional.balearichomemallorca.com\/de\/wp-json\/wp\/v2\/pages\/988\/revisions\/25161"}],"wp:attachment":[{"href":"https:\/\/vacacional.balearichomemallorca.com\/de\/wp-json\/wp\/v2\/media?parent=988"}],"curies":[{"name":"wp","href":"https:\/\/api.w.org\/{rel}","templated":true}]}}