{"id":3,"date":"2022-11-04T08:41:26","date_gmt":"2022-11-04T07:41:26","guid":{"rendered":"http:\/\/vacacional.balearichomemallorca.com?page_id=3"},"modified":"2023-11-29T17:35:19","modified_gmt":"2023-11-29T16:35:19","slug":"privacy-policy","status":"publish","type":"page","link":"https:\/\/vacacional.balearichomemallorca.com\/es\/privacy-policy","title":{"rendered":"Condiciones generales"},"content":{"rendered":"<h1 class=\"wp-block-heading\">Pol\u00edtica de privacidad<\/h1><p>La visita a este sitio web no supone que el usuario est\u00e9 obligado a facilitar ninguna informaci\u00f3n. En el caso de que el usuario facilite alguna informaci\u00f3n de car\u00e1cter personal, los datos recogidos en este sitio web ser\u00e1n tratados de forma leal y l\u00edcita con sujeci\u00f3n en todo momento a los principios y derechos recogidos en el Reglamento (UE) 2016\/679, de 27 de abril, General de Protecci\u00f3n de Datos (RGPD) y dem\u00e1s normativa aplicable.<\/p><p>En cumplimiento de lo dispuesto en el art\u00edculo 13 del RGPD le informamos de lo siguiente:<\/p><p><strong>1. Responsable<\/strong><\/p><p>BALEARIC HOME MALLORCA<\/p><p>Carrer de l&#8217;Argenteria, 16, 07001 Palma, Illes Balears<\/p><p>Si tiene alguna pregunta, p\u00f3ngase en contacto con nosotros en la siguiente direcci\u00f3n de correo electr\u00f3nico:<\/p><p>reservas@balearichomemallorca.com<\/p><p><strong>Informaci\u00f3n y consentimiento<\/strong><\/p><p>Mediante la aceptaci\u00f3n de la presente Pol\u00edtica de Privacidad, el usuario (en adelante, el \u00abUsuario\u00bb o los \u00abUsuarios\u00bb) queda informado y presta su consentimiento libre, informado, espec\u00edfico e inequ\u00edvoco para que los datos de car\u00e1cter personal facilitados a trav\u00e9s del sitio web ubicado en la URL [https:\/\/www .balearichomemallorca.com \/] (en adelante, el \u00abSitio Web\u00bb) sean tratados por BALEARIC HOME MALLORCA, as\u00ed como los datos derivados de su navegaci\u00f3n y cualesquiera otros que pudiera facilitar en el futuro.<\/p><p>El Usuario debe leer atentamente la presente Pol\u00edtica de Privacidad, que ha sido redactada de forma clara y sencilla, para facilitar su comprensi\u00f3n, pudiendo el Usuario determinar, libre y voluntariamente, si desea facilitar sus datos personales a BALEARIC HOME MALLORCA.<\/p><p><strong>3. Finalidad del tratamiento de datos<\/strong><\/p><p>El Usuario, al facilitar voluntariamente sus datos personales a trav\u00e9s de cualquier formulario de este Sitio Web y aceptar expresamente su env\u00edo, autoriza expresamente a BALEARIC HOME MALLORCA para que trate e incorpore en un fichero de su propiedad los datos enviados.<\/p><p>La finalidad principal de la recogida y tratamiento de los datos personales facilitados por el Usuario es responder a la consulta y enviar informaci\u00f3n comercial y\/o publicitaria. Sin embargo, tambi\u00e9n tiene por objeto las siguientes acciones:<\/p><ul class=\"wp-block-list\"><li>Contactar con el remitente de la informaci\u00f3n, responder a su solicitud, petici\u00f3n o consulta, y gestionar la publicaci\u00f3n de consultas y comentarios y su posterior seguimiento.<\/li>\n\n<li>Gestionar y controlar la cartera de clientes.<\/li>\n\n<li>Gestionar, en su caso, el proceso de registro del Usuario en la Plataforma Online.<\/li><\/ul><p>En virtud de la Ley 34\/2002, de 11 de julio, de Servicios de la Sociedad de la Informaci\u00f3n y de Comercio Electr\u00f3nico, BALEARIC HOME MALLORCA en ning\u00fan caso remitir\u00e1 publicidad y comunicaciones con fines de venta u otras de naturaleza comercial a los Usuarios sin que medie su previa solicitud o consentimiento. Asimismo, no enviar\u00e1 mensajes no solicitados o previamente consentidos ni enviar\u00e1 cadenas de mensajes electr\u00f3nicos no solicitados o previamente consentidos.<\/p><p>Los datos personales facilitados por el Usuario deber\u00e1n ser verdaderos, exactos, completos y actualizados, respondiendo de los da\u00f1os y perjuicios que pudieran causarse como consecuencia del incumplimiento de dicha obligaci\u00f3n.<\/p><p><strong>4. Protecci\u00f3n de menores<\/strong><\/p><p>No recogemos datos personales de menores. Es responsabilidad de los padres\/tutores legales garantizar la privacidad de los menores, haciendo todo lo posible para asegurarse de que han autorizado la recogida y el uso de los datos personales del menor.<\/p><p><strong>5. Duraci\u00f3n del tratamiento de datos<\/strong><\/p><ul class=\"wp-block-list\"><li>Los datos para la gesti\u00f3n de consultas y solicitudes se conservar\u00e1n durante el tiempo necesario para responder a las mismas, con un plazo m\u00e1ximo de un a\u00f1o.<\/li>\n\n<li>Los datos relativos a la publicaci\u00f3n de comentarios sobre nuestros productos se conservar\u00e1n durante el periodo de validez y publicidad de los productos o servicios a los que se refieran, salvo que exprese su deseo de que se supriman en cualquier momento.<\/li>\n\n<li>Los datos de participaci\u00f3n en concursos, sorteos y promociones se conservar\u00e1n durante la duraci\u00f3n de los mismos, de acuerdo con sus bases espec\u00edficas, para gestionar su desarrollo y, posteriormente, hasta que prescriban las posibles responsabilidades derivadas de su realizaci\u00f3n.<\/li>\n\n<li>Los datos para el env\u00edo de comunicaciones comerciales y la elaboraci\u00f3n de perfiles comerciales de nuestros productos o servicios se conservar\u00e1n indefinidamente hasta que, en su caso, manifieste su deseo de suprimirlos.<\/li>\n\n<li>Los datos de los curr\u00edculos para los procesos de selecci\u00f3n se conservar\u00e1n durante tres meses.<\/li><\/ul><p><strong>6. Derechos del usuario en relaci\u00f3n con sus datos<\/strong><\/p><p>El interesado tiene los siguientes derechos:<\/p><ul class=\"wp-block-list\"><li>Puede solicitar informaci\u00f3n sobre los datos personales almacenados que le conciernan (acceso).<\/li>\n\n<li>Puede solicitar que se corrijan las inexactitudes en su informaci\u00f3n personal. (correcci\u00f3n)<\/li>\n\n<li>Puede solicitar la supresi\u00f3n o la limitaci\u00f3n del tratamiento de sus datos personales y (supresi\u00f3n y limitaci\u00f3n)<\/li>\n\n<li>Tambi\u00e9n puede solicitar que sus datos personales se pongan a su disposici\u00f3n en un formato estructurado, est\u00e1ndar y legible por m\u00e1quina (portabilidad).<\/li><\/ul><p>Para ello, escr\u00edbanos a Carrer de l&#8217;Argenteria, 16, 07001 Palma, Illes Balears, o env\u00edenos una copia de su DNI u otro documento que le identifique a nuestro formulario o correo electr\u00f3nico reservas@balearichomemallorca.com.<\/p><p>El interesado tambi\u00e9n tiene derecho a presentar una reclamaci\u00f3n ante las autoridades de protecci\u00f3n de datos (Agencia Espa\u00f1ola de Protecci\u00f3n de Datos). No obstante, le invitamos a ponerse en contacto con nosotros si tiene alguna duda sobre sus datos.<\/p><p><strong>7. Legitimaci\u00f3n para el tratamiento de datos<\/strong><\/p><p>La base jur\u00eddica para el tratamiento de datos es el consentimiento expreso del interesado.<\/p><p><strong>8. Destinatarios<\/strong><\/p><p>Con el fin de ofrecer la m\u00e1xima calidad, BALEARIC HOME MALLORCA necesita compartir sus Datos Personales con entidades o proveedores externos que nos ayudan a ofrecer el mejor servicio.<\/p><ul class=\"wp-block-list\"><li>Entidades que nos ayudan en diferentes cuestiones relacionadas con el Servicio. En BALEARIC HOME MALLORCA nos aseguramos de que todos nuestros proveedores que puedan tener acceso a sus Datos Personales act\u00faen de forma confidencial, leal y cumpliendo con toda la normativa aplicable.<\/li>\n\n<li>A las Administraciones P\u00fablicas competentes, en los casos previstos en la Ley y para los fines definidos en la misma.<\/li><\/ul><p><strong>9. 9. Medidas de seguridad<\/strong><\/p><p>BALEARIC HOME MALLORCA tratar\u00e1 los datos del Usuario en todo momento de forma absolutamente confidencial y guardando el preceptivo deber de secreto respecto de los mismos, de conformidad con lo previsto en la normativa de aplicaci\u00f3n, adoptando las medidas de \u00edndole t\u00e9cnica y organizativas necesarias que garanticen la seguridad de sus datos y eviten su alteraci\u00f3n, p\u00e9rdida, tratamiento o acceso no autorizado, habida cuenta del estado de la tecnolog\u00eda, la naturaleza de los datos almacenados y los riesgos a que est\u00e1n expuestos.<\/p><p><strong>10. Cambios<\/strong><\/p><p>BALEARIC HOME MALLORCA se reserva el derecho a modificar la presente pol\u00edtica para adaptarla a novedades legislativas o jurisprudenciales as\u00ed como a pr\u00e1cticas de la industria. En tales casos, los cambios se anunciar\u00e1n en esta p\u00e1gina con razonable antelaci\u00f3n a su aplicaci\u00f3n.<\/p><p><strong>11. Aceptaci\u00f3n y consentimiento<\/strong><\/p><p>El Usuario declara haber sido informado de las condiciones sobre protecci\u00f3n de datos de car\u00e1cter personal, aceptando y consintiendo el tratamiento automatizado de los mismos por parte de BALEARIC HOME MALLORCA, en la forma y para las finalidades indicadas en la presente Pol\u00edtica de Privacidad.<\/p>","protected":false},"excerpt":{"rendered":"<p>Pol\u00edtica de privacidad La visita a este sitio web no supone que el usuario est\u00e9 obligado a facilitar ninguna informaci\u00f3n. En el caso de que el usuario facilite alguna informaci\u00f3n de car\u00e1cter personal, los datos recogidos en este sitio web ser\u00e1n tratados de forma leal y l\u00edcita con sujeci\u00f3n en todo momento a los principios &#8230;<\/p>\n","protected":false},"author":1,"featured_media":0,"parent":0,"menu_order":0,"comment_status":"closed","ping_status":"closed","template":"terms_conditions.php","meta":{"footnotes":""},"class_list":["post-3","page","type-page","status-publish","hentry"],"_links":{"self":[{"href":"https:\/\/vacacional.balearichomemallorca.com\/es\/wp-json\/wp\/v2\/pages\/3","targetHints":{"allow":["GET"]}}],"collection":[{"href":"https:\/\/vacacional.balearichomemallorca.com\/es\/wp-json\/wp\/v2\/pages"}],"about":[{"href":"https:\/\/vacacional.balearichomemallorca.com\/es\/wp-json\/wp\/v2\/types\/page"}],"author":[{"embeddable":true,"href":"https:\/\/vacacional.balearichomemallorca.com\/es\/wp-json\/wp\/v2\/users\/1"}],"replies":[{"embeddable":true,"href":"https:\/\/vacacional.balearichomemallorca.com\/es\/wp-json\/wp\/v2\/comments?post=3"}],"version-history":[{"count":5,"href":"https:\/\/vacacional.balearichomemallorca.com\/es\/wp-json\/wp\/v2\/pages\/3\/revisions"}],"predecessor-version":[{"id":25162,"href":"https:\/\/vacacional.balearichomemallorca.com\/es\/wp-json\/wp\/v2\/pages\/3\/revisions\/25162"}],"wp:attachment":[{"href":"https:\/\/vacacional.balearichomemallorca.com\/es\/wp-json\/wp\/v2\/media?parent=3"}],"curies":[{"name":"wp","href":"https:\/\/api.w.org\/{rel}","templated":true}]}}